{"id":2800,"date":"2021-07-15T22:00:09","date_gmt":"2021-07-16T02:00:09","guid":{"rendered":"https:\/\/htmamerica.com\/nuevo\/corrosion-prevention-products\/"},"modified":"2022-05-31T10:59:48","modified_gmt":"2022-05-31T14:59:48","slug":"productos-proteccion-anticorrosiva","status":"publish","type":"page","link":"https:\/\/htmamerica.com\/es\/productos-proteccion-anticorrosiva\/","title":{"rendered":"Productos de protecci\u00f3n anticorrosiva"},"content":{"rendered":"\t\t<div data-elementor-type=\"wp-page\" data-elementor-id=\"2800\" class=\"elementor elementor-2800 elementor-457\">\n\t\t\t\t\t\t<section class=\"elementor-section elementor-top-section elementor-element elementor-element-2a85968 elementor-section-boxed elementor-section-height-default elementor-section-height-default\" data-id=\"2a85968\" data-element_type=\"section\" data-e-type=\"section\" data-settings=\"{&quot;background_background&quot;:&quot;classic&quot;}\">\n\t\t\t\t\t\t<div class=\"elementor-container elementor-column-gap-default\">\n\t\t\t\t\t<div class=\"aux-parallax-section elementor-column elementor-col-100 elementor-top-column elementor-element elementor-element-21eafeb\" data-id=\"21eafeb\" data-element_type=\"column\" data-e-type=\"column\">\n\t\t\t<div class=\"elementor-widget-wrap elementor-element-populated\">\n\t\t\t\t\t\t<div class=\"elementor-element elementor-element-544092b elementor-widget elementor-widget-text-editor\" data-id=\"544092b\" data-element_type=\"widget\" data-e-type=\"widget\" data-widget_type=\"text-editor.default\">\n\t\t\t\t<div class=\"elementor-widget-container\">\n\t\t\t\t\t\t\t\t\t<h1>PRODUCTOS DE PROTECCI\u00d3N ANTICORROSIVA<\/h1>\t\t\t\t\t\t\t\t<\/div>\n\t\t\t\t<\/div>\n\t\t\t\t\t<\/div>\n\t\t<\/div>\n\t\t\t\t\t<\/div>\n\t\t<\/section>\n\t\t\t\t<section class=\"elementor-section elementor-top-section elementor-element elementor-element-47983e98 elementor-section-stretched elementor-section-boxed elementor-section-height-default elementor-section-height-default\" data-id=\"47983e98\" data-element_type=\"section\" data-e-type=\"section\" data-settings=\"{&quot;stretch_section&quot;:&quot;section-stretched&quot;,&quot;background_background&quot;:&quot;classic&quot;}\">\n\t\t\t\t\t\t<div class=\"elementor-container elementor-column-gap-default\">\n\t\t\t\t\t<div class=\"aux-parallax-section elementor-column elementor-col-100 elementor-top-column elementor-element elementor-element-3ff43617\" data-id=\"3ff43617\" data-element_type=\"column\" data-e-type=\"column\">\n\t\t\t<div class=\"elementor-widget-wrap elementor-element-populated\">\n\t\t\t\t\t\t<div class=\"elementor-element elementor-element-94cab45 elementor-widget elementor-widget-aux_menu_box\" data-id=\"94cab45\" data-element_type=\"widget\" data-e-type=\"widget\" data-settings=\"{&quot;_animation&quot;:&quot;none&quot;}\" data-widget_type=\"aux_menu_box.default\">\n\t\t\t\t<div class=\"elementor-widget-container\">\n\t\t\t\t\t<div class=\"aux-elementor-header-menu aux-nav-menu-element aux-nav-menu-element-94cab45\"><div class=\"aux-burger-box\" data-target-panel=\"toggle-bar\" data-target-content=\".elementor-element-94cab45 .aux-master-menu\"><div class=\"aux-burger aux-lite-small\"><span class=\"mid-line\"><\/span><\/div><\/div><!-- start master menu -->\n<nav id=\"master-menu-elementor-94cab45\" class=\"menu-menu-anticorrosivos-es-container\">\n\n\t<ul id=\"menu-menu-anticorrosivos-es\" class=\"aux-master-menu aux-no-js aux-skin-classic aux-horizontal\" data-type=\"horizontal\"  data-switch-type=\"toggle\" data-switch-parent=\".elementor-element-94cab45 .aux-toggle-menu-bar\" data-switch-width=\"768\"  >\n\t\t<!-- start single menu -->\n\t\t<li id=\"menu-item-2864\" class=\"menu-item menu-item-type-post_type menu-item-object-page menu-item-2864 aux-menu-depth-0 aux-menu-root-1 aux-menu-item\">\n\t\t\t<a href=\"https:\/\/htmamerica.com\/es\/productos-proteccion-anticorrosiva\/covalence-heat-shrinkable-sleeves\/\" class=\"aux-item-content\">\n\t\t\t\t<span class=\"aux-menu-label\">COVALENCE | MANTAS TERMOCONTRA\u00cdBLES<\/span>\n\t\t\t<\/a>\n\t\t<\/li>\n\t\t<!-- end single menu -->\n\t\t<!-- start single menu -->\n\t\t<li id=\"menu-item-2863\" class=\"menu-item menu-item-type-post_type menu-item-object-page menu-item-2863 aux-menu-depth-0 aux-menu-root-2 aux-menu-item\">\n\t\t\t<a href=\"https:\/\/htmamerica.com\/es\/productos-proteccion-anticorrosiva\/polyken-pipeline-tape-technology\/\" class=\"aux-item-content\">\n\t\t\t\t<span class=\"aux-menu-label\">POLYKEN | CINTAS DE APLICACI\u00d3N EN FR\u00cdO<\/span>\n\t\t\t<\/a>\n\t\t<\/li>\n\t\t<!-- end single menu -->\n\t\t<!-- start single menu -->\n\t\t<li id=\"menu-item-2862\" class=\"menu-item menu-item-type-post_type menu-item-object-page menu-item-2862 aux-menu-depth-0 aux-menu-root-3 aux-menu-item\">\n\t\t\t<a href=\"https:\/\/htmamerica.com\/es\/productos-proteccion-anticorrosiva\/powercrete-liquid-pipeline-coating-technology\/\" class=\"aux-item-content\">\n\t\t\t\t<span class=\"aux-menu-label\">POWERCRETE | REVESTIMIENTOS L\u00cdQUIDOS<\/span>\n\t\t\t<\/a>\n\t\t<\/li>\n\t\t<!-- end single menu -->\n\t\t<!-- start single menu -->\n\t\t<li id=\"menu-item-2861\" class=\"menu-item menu-item-type-post_type menu-item-object-page menu-item-2861 aux-menu-depth-0 aux-menu-root-4 aux-menu-item\">\n\t\t\t<a href=\"https:\/\/htmamerica.com\/es\/productos-proteccion-anticorrosiva\/stopaq-visco-elastic-corrosion-prevention-sealant-technology\/\" class=\"aux-item-content\">\n\t\t\t\t<span class=\"aux-menu-label\">STOPAQ | REVESTIMIENTOS VISCOEL\u00c1STICOS<\/span>\n\t\t\t<\/a>\n\t\t<\/li>\n\t\t<!-- end single menu -->\n\t\t<!-- start single menu -->\n\t\t<li id=\"menu-item-2860\" class=\"menu-item menu-item-type-post_type menu-item-object-page menu-item-2860 aux-menu-depth-0 aux-menu-root-5 aux-menu-item\">\n\t\t\t<a href=\"https:\/\/htmamerica.com\/es\/productos-proteccion-anticorrosiva\/oxifree-surface-tolerant-corrosion-solutions\/\" class=\"aux-item-content\">\n\t\t\t\t<span class=\"aux-menu-label\">OXIFREE | REVESTIMIENTO ANICORROSIVO PARA PIEZAS DE SUPERFCIE IRREGULAR<\/span>\n\t\t\t<\/a>\n\t\t<\/li>\n\t\t<!-- end single menu -->\n\t\t<!-- start single menu -->\n\t\t<li id=\"menu-item-2859\" class=\"menu-item menu-item-type-post_type menu-item-object-page menu-item-2859 aux-menu-depth-0 aux-menu-root-6 aux-menu-item\">\n\t\t\t<a href=\"https:\/\/htmamerica.com\/es\/productos-proteccion-anticorrosiva\/anodeflex-cathodic-protection-ac-mitigation\/\" class=\"aux-item-content\">\n\t\t\t\t<span class=\"aux-menu-label\">ANODEFLEX | PROTECCI\u00d3N CAT\u00d3DICA &#038; MITIGACI\u00d3N AC<\/span>\n\t\t\t<\/a>\n\t\t<\/li>\n\t\t<!-- end single menu -->\n\t<\/ul>\n\n<\/nav>\n<!-- end master menu -->\n<div class=\"aux-toggle-menu-bar\"><\/div><\/div><style>@media only screen and (min-width: 769px) { .elementor-element-94cab45 .aux-burger-box { display: none } }<\/style>\t\t\t\t<\/div>\n\t\t\t\t<\/div>\n\t\t\t\t<div class=\"elementor-element elementor-element-ed96bed elementor-widget elementor-widget-posts-grid-builder\" data-id=\"ed96bed\" data-element_type=\"widget\" data-e-type=\"widget\" data-widget_type=\"posts-grid-builder.default\">\n\t\t\t\t<div class=\"elementor-widget-container\">\n\t\t\t\t\t<div class='jgb_posts-grid-builder-container'>\n<script type=\"text\/x-template\" class=\"jgb_item-template\">\n\t<div class=\"jgb_item jgb_item-content-overlay\"\n\t\t:class=\"{'jgb_no-thumbnail':!thumbnailEnabled}\"\n\t>\n\t\t<a class=\"jgb_item-permalink\" :href=\"itemData.permalink\"><\/a>\n\t\t<item-thumbnail v-if=\"thumbnailEnabled\" \/>\n\t\t<div class=\"jgb_item-type-wrap\" v-if=\"[postTypeEnabled, thumbnailEnabled].every(isTrue)\">\n\t\t\t<div class=\"jgb_item-type\">{{itemData.post_type}}<\/div>\n\t\t<\/div>\n\t\t<div class=\"jgb_item-body\">\n\t\t\t<div class=\"jgb_item-type-wrap\" v-if=\"[postTypeEnabled, !thumbnailEnabled].every(isTrue)\">\n\t\t\t\t<div class=\"jgb_item-type\">{{itemData.post_type}}<\/div>\n\t\t\t<\/div>\n\t\t\t<div class=\"jgb_item-title\" v-if=\"titleEnabled\">{{itemData.post_title}}<\/div>\n\t\t\t<item-description v-if=\"descriptionEnabled\"\/>\n\t\t\t<div class=\"jgb_item-divider\" v-if=\"dividerEnabled\">\n\t\t\t\t<span class=\"jgb_item-divider-separator\"><\/span>\n\t\t\t<\/div>\n\t\t\t<div class=\"jgb_item-meta\" v-if=\"[authorEnabled, dateEnabled].some(isTrue)\">\n\t\t\t\t<div class=\"jgb_item-date\" v-if=\"dateEnabled\">\n\t\t\t\t\t<span class=\"jgb_item-date-prefix\">{{datePrefix}}<\/span>\n\t\t\t\t\t<span class=\"jgb_item-date-value\">{{itemData.post_date}}<\/span>\n\t\t\t\t<\/div>\n\t\t\t\t<div class=\"jgb_item-author\" v-if=\"authorEnabled\">\n\t\t\t\t\t<span class=\"jgb_item-author-prefix\">{{authorPrefix}}<\/span>\n\t\t\t\t\t<span class=\"jgb_item-author-name\">{{itemData.post_author}}<\/span>\n\t\t\t\t<\/div>\n\t\t\t<\/div>\n\t\t<\/div>\n\t<\/div>\n<\/script><div class=\"posts-grid-builder\" id=\"inst_ed96bed\" data-settings=\"{&quot;posts&quot;:&quot;2823,2826,2828,2827,2825,2824&quot;,&quot;layout_data&quot;:&quot;[{\\&quot;id\\&quot;:2823,\\&quot;hidden\\&quot;:false,\\&quot;pinned\\&quot;:false,\\&quot;position\\&quot;:{\\&quot;x\\&quot;:16,\\&quot;y\\&quot;:7,\\&quot;w\\&quot;:8,\\&quot;h\\&quot;:7}},{\\&quot;id\\&quot;:2824,\\&quot;hidden\\&quot;:false,\\&quot;pinned\\&quot;:false,\\&quot;position\\&quot;:{\\&quot;x\\&quot;:0,\\&quot;y\\&quot;:0,\\&quot;w\\&quot;:8,\\&quot;h\\&quot;:7}},{\\&quot;id\\&quot;:2825,\\&quot;hidden\\&quot;:false,\\&quot;pinned\\&quot;:false,\\&quot;position\\&quot;:{\\&quot;x\\&quot;:8,\\&quot;y\\&quot;:0,\\&quot;w\\&quot;:8,\\&quot;h\\&quot;:7}},{\\&quot;id\\&quot;:2827,\\&quot;hidden\\&quot;:false,\\&quot;pinned\\&quot;:false,\\&quot;position\\&quot;:{\\&quot;x\\&quot;:16,\\&quot;y\\&quot;:0,\\&quot;w\\&quot;:8,\\&quot;h\\&quot;:7}},{\\&quot;id\\&quot;:2828,\\&quot;hidden\\&quot;:false,\\&quot;pinned\\&quot;:false,\\&quot;position\\&quot;:{\\&quot;x\\&quot;:0,\\&quot;y\\&quot;:7,\\&quot;w\\&quot;:8,\\&quot;h\\&quot;:7}},{\\&quot;id\\&quot;:2826,\\&quot;hidden\\&quot;:false,\\&quot;pinned\\&quot;:false,\\&quot;position\\&quot;:{\\&quot;x\\&quot;:8,\\&quot;y\\&quot;:7,\\&quot;w\\&quot;:8,\\&quot;h\\&quot;:7}}]&quot;,&quot;layout_data_tablet&quot;:&quot;&quot;,&quot;layout_data_mobile&quot;:&quot;&quot;,&quot;colNum&quot;:24,&quot;gutter&quot;:10,&quot;gutter_tablet&quot;:&quot;&quot;,&quot;gutter_mobile&quot;:&quot;&quot;,&quot;vertical_compact&quot;:&quot;no&quot;,&quot;items_type&quot;:&quot;default&quot;,&quot;woo_items_type&quot;:&quot;default&quot;,&quot;jetengine_listing_id&quot;:false,&quot;jet_woo_builder_archive_id&quot;:false,&quot;loading_spinner&quot;:&quot;true&quot;,&quot;loading_spinner_media&quot;:&quot;&quot;,&quot;item_style&quot;:&quot;content-overlay&quot;,&quot;item_thumbnail&quot;:&quot;true&quot;,&quot;item_thumbnail_size&quot;:&quot;medium_large&quot;,&quot;item_post_type&quot;:&quot;&quot;,&quot;item_title&quot;:&quot;true&quot;,&quot;item_description&quot;:&quot;excerpt&quot;,&quot;item_description_words_count&quot;:15,&quot;item_description_words_count_tablet&quot;:15,&quot;item_description_words_count_mobile&quot;:15,&quot;item_post_author&quot;:&quot;&quot;,&quot;item_post_author_prefix&quot;:&quot;By&quot;,&quot;item_post_date&quot;:&quot;&quot;,&quot;item_post_date_prefix&quot;:&quot;Posted&quot;,&quot;item_post_date_format&quot;:&quot;F, j&quot;,&quot;item_divider&quot;:&quot;&quot;,&quot;woocommerce_item_clickable&quot;:false,&quot;woocommerce_item_stars_rating&quot;:true,&quot;woocommerce_item_categories&quot;:true,&quot;woocommerce_item_price&quot;:true,&quot;woocommerce_item_add_to_cart&quot;:true,&quot;woocommerce_item_add_to_cart_text&quot;:&quot;Add to cart&quot;}\"><\/div>\n<div class=\"jgb_spinner\">\n\t<div class=\"jgb_spinner-circle-clip-growing\">\n\t\t\t\t\t\t<svg viewBox=\"0 0 50 50\"><circle class=\"path\" cx=\"25\" cy=\"25\" r=\"20\" fill=\"none\" stroke-width=\"5\"><\/circle><\/svg>\n\t\t\t\t\t<\/div>\n<\/div><\/div>\t\t\t\t<\/div>\n\t\t\t\t<\/div>\n\t\t\t\t\t<\/div>\n\t\t<\/div>\n\t\t\t\t\t<\/div>\n\t\t<\/section>\n\t\t\t\t<\/div>\n\t\t","protected":false},"excerpt":{"rendered":"<p>PRODUCTOS DE PROTECCI\u00d3N ANTICORROSIVA Covalence | Heat Shrinkable Sleeves Polyken | Pipeline Tape Technology Powercrete | Liquid Pipeline Coating Technology Stopaq | Visco-elastic Corrosion Prevention &amp; Sealant Technology Oxifree | Surface Tolerant Corrosion Solutions Anodeflex | Cathodic Protection &amp; AC Mitigation<\/p>\n","protected":false},"author":1,"featured_media":0,"parent":0,"menu_order":0,"comment_status":"closed","ping_status":"closed","template":"elementor_header_footer","meta":{"footnotes":""},"class_list":["post-2800","page","type-page","status-publish","hentry"],"yoast_head":"<!-- This site is optimized with the Yoast SEO plugin v27.6 - https:\/\/yoast.com\/product\/yoast-seo-wordpress\/ -->\n<title>Productos de protecci\u00f3n anticorrosiva - HTM Am\u00e9rica | Corrosion prevention products<\/title>\n<meta name=\"description\" content=\"Tecnolog\u00edas de recubrimiento enfocadas en la protecci\u00f3n anticorrosiva con entregas inmediatas en toda Argentina. Consultenos para mayor informaci\u00f3n.\" \/>\n<meta name=\"robots\" content=\"index, follow, max-snippet:-1, max-image-preview:large, max-video-preview:-1\" \/>\n<link rel=\"canonical\" href=\"https:\/\/htmamerica.com\/es\/productos-proteccion-anticorrosiva\/\" \/>\n<meta property=\"og:locale\" content=\"es_ES\" \/>\n<meta property=\"og:type\" content=\"article\" \/>\n<meta property=\"og:title\" content=\"Productos de protecci\u00f3n anticorrosiva - HTM Am\u00e9rica | Corrosion prevention products\" \/>\n<meta property=\"og:description\" content=\"Tecnolog\u00edas de recubrimiento enfocadas en la protecci\u00f3n anticorrosiva con entregas inmediatas en toda Argentina. Consultenos para mayor informaci\u00f3n.\" \/>\n<meta property=\"og:url\" content=\"https:\/\/htmamerica.com\/es\/productos-proteccion-anticorrosiva\/\" \/>\n<meta property=\"og:site_name\" content=\"HTM Am\u00e9rica | Corrosion prevention products\" \/>\n<meta property=\"article:modified_time\" content=\"2022-05-31T14:59:48+00:00\" \/>\n<meta name=\"twitter:card\" content=\"summary_large_image\" \/>\n<meta name=\"twitter:label1\" content=\"Tiempo de lectura\" \/>\n\t<meta name=\"twitter:data1\" content=\"1 minuto\" \/>\n<script type=\"application\/ld+json\" class=\"yoast-schema-graph\">{\"@context\":\"https:\\\/\\\/schema.org\",\"@graph\":[{\"@type\":\"WebPage\",\"@id\":\"https:\\\/\\\/htmamerica.com\\\/es\\\/productos-proteccion-anticorrosiva\\\/\",\"url\":\"https:\\\/\\\/htmamerica.com\\\/es\\\/productos-proteccion-anticorrosiva\\\/\",\"name\":\"Productos de protecci\u00f3n anticorrosiva - HTM Am\u00e9rica | Corrosion prevention products\",\"isPartOf\":{\"@id\":\"https:\\\/\\\/htmamerica.com\\\/#website\"},\"datePublished\":\"2021-07-16T02:00:09+00:00\",\"dateModified\":\"2022-05-31T14:59:48+00:00\",\"description\":\"Tecnolog\u00edas de recubrimiento enfocadas en la protecci\u00f3n anticorrosiva con entregas inmediatas en toda Argentina. Consultenos para mayor informaci\u00f3n.\",\"breadcrumb\":{\"@id\":\"https:\\\/\\\/htmamerica.com\\\/es\\\/productos-proteccion-anticorrosiva\\\/#breadcrumb\"},\"inLanguage\":\"es\",\"potentialAction\":[{\"@type\":\"ReadAction\",\"target\":[\"https:\\\/\\\/htmamerica.com\\\/es\\\/productos-proteccion-anticorrosiva\\\/\"]}]},{\"@type\":\"BreadcrumbList\",\"@id\":\"https:\\\/\\\/htmamerica.com\\\/es\\\/productos-proteccion-anticorrosiva\\\/#breadcrumb\",\"itemListElement\":[{\"@type\":\"ListItem\",\"position\":1,\"name\":\"Home\",\"item\":\"https:\\\/\\\/htmamerica.com\\\/es\\\/\"},{\"@type\":\"ListItem\",\"position\":2,\"name\":\"Productos de protecci\u00f3n anticorrosiva\"}]},{\"@type\":\"WebSite\",\"@id\":\"https:\\\/\\\/htmamerica.com\\\/#website\",\"url\":\"https:\\\/\\\/htmamerica.com\\\/\",\"name\":\"HTM Am\u00e9rica | Corrosion prevention products\",\"description\":\"Corrosion prevention products\",\"publisher\":{\"@id\":\"https:\\\/\\\/htmamerica.com\\\/#organization\"},\"potentialAction\":[{\"@type\":\"SearchAction\",\"target\":{\"@type\":\"EntryPoint\",\"urlTemplate\":\"https:\\\/\\\/htmamerica.com\\\/?s={search_term_string}\"},\"query-input\":{\"@type\":\"PropertyValueSpecification\",\"valueRequired\":true,\"valueName\":\"search_term_string\"}}],\"inLanguage\":\"es\"},{\"@type\":\"Organization\",\"@id\":\"https:\\\/\\\/htmamerica.com\\\/#organization\",\"name\":\"HTM America\",\"url\":\"https:\\\/\\\/htmamerica.com\\\/\",\"logo\":{\"@type\":\"ImageObject\",\"inLanguage\":\"es\",\"@id\":\"https:\\\/\\\/htmamerica.com\\\/#\\\/schema\\\/logo\\\/image\\\/\",\"url\":\"https:\\\/\\\/htmamerica.com\\\/wp-content\\\/uploads\\\/2022\\\/01\\\/htm-america-logo-small.png\",\"contentUrl\":\"https:\\\/\\\/htmamerica.com\\\/wp-content\\\/uploads\\\/2022\\\/01\\\/htm-america-logo-small.png\",\"width\":300,\"height\":150,\"caption\":\"HTM America\"},\"image\":{\"@id\":\"https:\\\/\\\/htmamerica.com\\\/#\\\/schema\\\/logo\\\/image\\\/\"}}]}<\/script>\n<!-- \/ Yoast SEO plugin. -->","yoast_head_json":{"title":"Productos de protecci\u00f3n anticorrosiva - HTM Am\u00e9rica | Corrosion prevention products","description":"Tecnolog\u00edas de recubrimiento enfocadas en la protecci\u00f3n anticorrosiva con entregas inmediatas en toda Argentina. Consultenos para mayor informaci\u00f3n.","robots":{"index":"index","follow":"follow","max-snippet":"max-snippet:-1","max-image-preview":"max-image-preview:large","max-video-preview":"max-video-preview:-1"},"canonical":"https:\/\/htmamerica.com\/es\/productos-proteccion-anticorrosiva\/","og_locale":"es_ES","og_type":"article","og_title":"Productos de protecci\u00f3n anticorrosiva - HTM Am\u00e9rica | Corrosion prevention products","og_description":"Tecnolog\u00edas de recubrimiento enfocadas en la protecci\u00f3n anticorrosiva con entregas inmediatas en toda Argentina. Consultenos para mayor informaci\u00f3n.","og_url":"https:\/\/htmamerica.com\/es\/productos-proteccion-anticorrosiva\/","og_site_name":"HTM Am\u00e9rica | Corrosion prevention products","article_modified_time":"2022-05-31T14:59:48+00:00","twitter_card":"summary_large_image","twitter_misc":{"Tiempo de lectura":"1 minuto"},"schema":{"@context":"https:\/\/schema.org","@graph":[{"@type":"WebPage","@id":"https:\/\/htmamerica.com\/es\/productos-proteccion-anticorrosiva\/","url":"https:\/\/htmamerica.com\/es\/productos-proteccion-anticorrosiva\/","name":"Productos de protecci\u00f3n anticorrosiva - HTM Am\u00e9rica | Corrosion prevention products","isPartOf":{"@id":"https:\/\/htmamerica.com\/#website"},"datePublished":"2021-07-16T02:00:09+00:00","dateModified":"2022-05-31T14:59:48+00:00","description":"Tecnolog\u00edas de recubrimiento enfocadas en la protecci\u00f3n anticorrosiva con entregas inmediatas en toda Argentina. Consultenos para mayor informaci\u00f3n.","breadcrumb":{"@id":"https:\/\/htmamerica.com\/es\/productos-proteccion-anticorrosiva\/#breadcrumb"},"inLanguage":"es","potentialAction":[{"@type":"ReadAction","target":["https:\/\/htmamerica.com\/es\/productos-proteccion-anticorrosiva\/"]}]},{"@type":"BreadcrumbList","@id":"https:\/\/htmamerica.com\/es\/productos-proteccion-anticorrosiva\/#breadcrumb","itemListElement":[{"@type":"ListItem","position":1,"name":"Home","item":"https:\/\/htmamerica.com\/es\/"},{"@type":"ListItem","position":2,"name":"Productos de protecci\u00f3n anticorrosiva"}]},{"@type":"WebSite","@id":"https:\/\/htmamerica.com\/#website","url":"https:\/\/htmamerica.com\/","name":"HTM Am\u00e9rica | Corrosion prevention products","description":"Corrosion prevention products","publisher":{"@id":"https:\/\/htmamerica.com\/#organization"},"potentialAction":[{"@type":"SearchAction","target":{"@type":"EntryPoint","urlTemplate":"https:\/\/htmamerica.com\/?s={search_term_string}"},"query-input":{"@type":"PropertyValueSpecification","valueRequired":true,"valueName":"search_term_string"}}],"inLanguage":"es"},{"@type":"Organization","@id":"https:\/\/htmamerica.com\/#organization","name":"HTM America","url":"https:\/\/htmamerica.com\/","logo":{"@type":"ImageObject","inLanguage":"es","@id":"https:\/\/htmamerica.com\/#\/schema\/logo\/image\/","url":"https:\/\/htmamerica.com\/wp-content\/uploads\/2022\/01\/htm-america-logo-small.png","contentUrl":"https:\/\/htmamerica.com\/wp-content\/uploads\/2022\/01\/htm-america-logo-small.png","width":300,"height":150,"caption":"HTM America"},"image":{"@id":"https:\/\/htmamerica.com\/#\/schema\/logo\/image\/"}}]}},"_links":{"self":[{"href":"https:\/\/htmamerica.com\/es\/wp-json\/wp\/v2\/pages\/2800","targetHints":{"allow":["GET"]}}],"collection":[{"href":"https:\/\/htmamerica.com\/es\/wp-json\/wp\/v2\/pages"}],"about":[{"href":"https:\/\/htmamerica.com\/es\/wp-json\/wp\/v2\/types\/page"}],"author":[{"embeddable":true,"href":"https:\/\/htmamerica.com\/es\/wp-json\/wp\/v2\/users\/1"}],"replies":[{"embeddable":true,"href":"https:\/\/htmamerica.com\/es\/wp-json\/wp\/v2\/comments?post=2800"}],"version-history":[{"count":0,"href":"https:\/\/htmamerica.com\/es\/wp-json\/wp\/v2\/pages\/2800\/revisions"}],"wp:attachment":[{"href":"https:\/\/htmamerica.com\/es\/wp-json\/wp\/v2\/media?parent=2800"}],"curies":[{"name":"wp","href":"https:\/\/api.w.org\/{rel}","templated":true}]}}