{"id":2823,"date":"2021-09-09T18:04:42","date_gmt":"2021-09-09T22:04:42","guid":{"rendered":"https:\/\/htmamerica.com\/nuevo\/corrosion-prevention-products\/anodeflex-cathodic-protection-ac-mitigation\/"},"modified":"2022-05-30T20:10:21","modified_gmt":"2022-05-31T00:10:21","slug":"anodeflex-cathodic-protection-ac-mitigation","status":"publish","type":"page","link":"https:\/\/htmamerica.com\/es\/productos-proteccion-anticorrosiva\/anodeflex-cathodic-protection-ac-mitigation\/","title":{"rendered":"ANODEFLEX | PROTECCI\u00d3N CAT\u00d3DICA &#038; MITIGACI\u00d3N AC"},"content":{"rendered":"\t\t<div data-elementor-type=\"wp-page\" data-elementor-id=\"2823\" class=\"elementor elementor-2823 elementor-1677\">\n\t\t\t\t\t\t<section class=\"elementor-section elementor-top-section elementor-element elementor-element-2a85968 elementor-section-boxed elementor-section-height-default elementor-section-height-default\" data-id=\"2a85968\" data-element_type=\"section\" data-e-type=\"section\" data-settings=\"{&quot;background_background&quot;:&quot;classic&quot;}\">\n\t\t\t\t\t\t<div class=\"elementor-container elementor-column-gap-default\">\n\t\t\t\t\t<div class=\"aux-parallax-section elementor-column elementor-col-100 elementor-top-column elementor-element elementor-element-21eafeb\" data-id=\"21eafeb\" data-element_type=\"column\" data-e-type=\"column\">\n\t\t\t<div class=\"elementor-widget-wrap elementor-element-populated\">\n\t\t\t\t\t\t<div class=\"elementor-element elementor-element-544092b elementor-widget elementor-widget-text-editor\" data-id=\"544092b\" data-element_type=\"widget\" data-e-type=\"widget\" data-widget_type=\"text-editor.default\">\n\t\t\t\t<div class=\"elementor-widget-container\">\n\t\t\t\t\t\t\t\t\t<h1>Protecci\u00f3n cat\u00f3dica y mitigaci\u00f3n AC | Anodoflex<\/h1>\t\t\t\t\t\t\t\t<\/div>\n\t\t\t\t<\/div>\n\t\t\t\t\t<\/div>\n\t\t<\/div>\n\t\t\t\t\t<\/div>\n\t\t<\/section>\n\t\t\t\t<section class=\"elementor-section elementor-top-section elementor-element elementor-element-a8d6619 elementor-section-stretched elementor-section-boxed elementor-section-height-default elementor-section-height-default\" data-id=\"a8d6619\" data-element_type=\"section\" data-e-type=\"section\" data-settings=\"{&quot;stretch_section&quot;:&quot;section-stretched&quot;,&quot;background_background&quot;:&quot;classic&quot;}\">\n\t\t\t\t\t\t<div class=\"elementor-container elementor-column-gap-default\">\n\t\t\t\t\t<div class=\"aux-parallax-section elementor-column elementor-col-100 elementor-top-column elementor-element elementor-element-b367258\" data-id=\"b367258\" data-element_type=\"column\" data-e-type=\"column\">\n\t\t\t<div class=\"elementor-widget-wrap elementor-element-populated\">\n\t\t\t\t\t\t<div class=\"elementor-element elementor-element-f7a04de elementor-widget elementor-widget-image\" data-id=\"f7a04de\" data-element_type=\"widget\" data-e-type=\"widget\" data-widget_type=\"image.default\">\n\t\t\t\t<div class=\"elementor-widget-container\">\n\t\t\t\t\t\t\t\t\t\t\t\t\t\t\t<img fetchpriority=\"high\" decoding=\"async\" width=\"500\" height=\"103\" src=\"https:\/\/htmamerica.com\/wp-content\/uploads\/2021\/09\/ANDOFLEX-Corporate-Identity.png\" class=\"attachment-full size-full wp-image-2692\" alt=\"ANDOFLEX-anticorrosivos-logo\" \/>\t\t\t\t\t\t\t\t\t\t\t\t\t\t\t<\/div>\n\t\t\t\t<\/div>\n\t\t\t\t<div class=\"elementor-element elementor-element-1f1e8ae4 elementor-widget elementor-widget-text-editor\" data-id=\"1f1e8ae4\" data-element_type=\"widget\" data-e-type=\"widget\" data-widget_type=\"text-editor.default\">\n\t\t\t\t<div class=\"elementor-widget-container\">\n\t\t\t\t\t\t\t\t\t<p>\u00c1nodos lineales flexibles de corriente impresa para la protecci\u00f3n cat\u00f3dica de tuber\u00edas enterradas, tuber\u00edas en la planta y tanques de almacenamiento, adem\u00e1s de un electrodo de mitigaci\u00f3n de CA flexible para mitigar eficazmente la corriente alterna inducida.<\/p>\t\t\t\t\t\t\t\t<\/div>\n\t\t\t\t<\/div>\n\t\t\t\t<section class=\"elementor-section elementor-inner-section elementor-element elementor-element-a0e8970 elementor-section-boxed elementor-section-height-default elementor-section-height-default\" data-id=\"a0e8970\" data-element_type=\"section\" data-e-type=\"section\">\n\t\t\t\t\t\t<div class=\"elementor-container elementor-column-gap-default\">\n\t\t\t\t\t<div class=\"aux-parallax-section elementor-column elementor-col-100 elementor-inner-column elementor-element elementor-element-632c0f6\" data-id=\"632c0f6\" data-element_type=\"column\" data-e-type=\"column\">\n\t\t\t<div class=\"elementor-widget-wrap elementor-element-populated\">\n\t\t\t\t\t\t<div class=\"elementor-element elementor-element-25bb567 elementor-widget elementor-widget-aux-gallery\" data-id=\"25bb567\" data-element_type=\"widget\" data-e-type=\"widget\" data-widget_type=\"aux-gallery.default\">\n\t\t\t\t<div class=\"elementor-widget-container\">\n\t\t\t\t\t<section class=\"widget-container aux-widget-gallery aux-parent-auf2dc2a62\"><div id='aux-gallery-1' class='aux-gallery galleryid-2823 gallery-columns-1 aux-lightbox-gallery'><div class=\"aux-gallery-container aux-isotope-animated aux-row aux-de-col1 aux-tb-col2 aux-mb-col1 elementor-clickable aux-no-gutter aux-layout-masonry\"  data-pagination=\"false\" data-lazyload=\"false\" data-perpage=\"24\" data-layout=\"masonry\" data-space=\"10\" >    <figure class=\"gallery-item aux-hover-active aux-iso-item aux-col \">\n            <div class=\"aux-frame-mask-plain aux-frame-ratio \">\n                <a href=\"https:\/\/htmamerica.com\/wp-content\/uploads\/2021\/09\/anode-flex-anodo-continuo-polimerico.jpg\" class=\"aux-frame-ratio-inner aux-frame-darken aux-lightbox-btn \" data-elementor-open-lightbox=\"no\" data-original-width=\"1024\" data-original-height=\"803\" data-caption=\"anode-flex-anodo-continuo polimerico\">\n                                <div class=\"aux-hover-scale-circle-plus2\">\n                        <span class=\"aux-symbol-plus\"><\/span>\n                        <span class=\"aux-symbol-circle\"><\/span>\n                    <\/div>\n                        <img decoding=\"async\" width=\"300\" height=\"300\" src=\"https:\/\/htmamerica.com\/wp-content\/uploads\/2021\/09\/anode-flex-anodo-continuo-polimerico-300x300.jpg\" class=\"aux-attachment aux-featured-image attachment-300x300 aux-attachment-id-2704 \" alt=\"anode-flex-anodo-continuo polimerico\" srcset=\"https:\/\/htmamerica.com\/wp-content\/uploads\/2021\/09\/anode-flex-anodo-continuo-polimerico-150x150.jpg 150w,https:\/\/htmamerica.com\/wp-content\/uploads\/2021\/09\/anode-flex-anodo-continuo-polimerico-300x300.jpg 300w,https:\/\/htmamerica.com\/wp-content\/uploads\/2021\/09\/anode-flex-anodo-continuo-polimerico-768x768.jpg 768w,https:\/\/htmamerica.com\/wp-content\/uploads\/2021\/09\/anode-flex-anodo-continuo-polimerico-300x300.jpg 300w,https:\/\/htmamerica.com\/wp-content\/uploads\/2021\/09\/anode-flex-anodo-continuo-polimerico-1014x1014.jpg 1014w\" data-ratio=\"1\" data-original-w=\"1024\" sizes=\"(max-width:767px) 100vw,(min-width:768px) and (max-width:1025px) 50vw,1580px\" \/>                <\/a>\n            <\/div>\n                <\/figure>\n<\/div><\/div><\/section><!-- widget-container --><style>.aux-parent-auf2dc2a62 .aux-frame-ratio { padding-bottom:75% }<\/style>\t\t\t\t<\/div>\n\t\t\t\t<\/div>\n\t\t\t\t\t<\/div>\n\t\t<\/div>\n\t\t\t\t\t<\/div>\n\t\t<\/section>\n\t\t\t\t\t<\/div>\n\t\t<\/div>\n\t\t\t\t\t<\/div>\n\t\t<\/section>\n\t\t\t\t<section class=\"elementor-section elementor-top-section elementor-element elementor-element-4fc1836 elementor-section-stretched elementor-section-boxed elementor-section-height-default elementor-section-height-default\" data-id=\"4fc1836\" data-element_type=\"section\" data-e-type=\"section\" data-settings=\"{&quot;stretch_section&quot;:&quot;section-stretched&quot;,&quot;background_background&quot;:&quot;classic&quot;}\">\n\t\t\t\t\t\t<div class=\"elementor-container elementor-column-gap-default\">\n\t\t\t\t\t<div class=\"aux-parallax-section elementor-column elementor-col-100 elementor-top-column elementor-element elementor-element-3cf29ee4\" data-id=\"3cf29ee4\" data-element_type=\"column\" data-e-type=\"column\">\n\t\t\t<div class=\"elementor-widget-wrap elementor-element-populated\">\n\t\t\t\t\t\t<div class=\"elementor-element elementor-element-3a182e9d elementor-widget elementor-widget-text-editor\" data-id=\"3a182e9d\" data-element_type=\"widget\" data-e-type=\"widget\" data-widget_type=\"text-editor.default\">\n\t\t\t\t<div class=\"elementor-widget-container\">\n\t\t\t\t\t\t\t\t\t<h2 class=\"bravo primary proxima-semibold\">Caracter\u00edsticas &amp; beneficios<\/h2>\t\t\t\t\t\t\t\t<\/div>\n\t\t\t\t<\/div>\n\t\t\t\t<div class=\"elementor-element elementor-element-3fab4d6d elementor-widget elementor-widget-aux_icon_list\" data-id=\"3fab4d6d\" data-element_type=\"widget\" data-e-type=\"widget\" data-widget_type=\"aux_icon_list.default\">\n\t\t\t\t<div class=\"elementor-widget-container\">\n\t\t\t\t\t<section class=\"widget-container aux-widget-icon-list aux-parent-aub0a398ae\"><div class=\"widget-inner\"><div class=\"aux-widget-icon-list-inner\"><ul class=\"aux-icon-list-items aux-direction-default\"><li class=\"aux-icon-list-item aux-list-item-has-icon aux-icon-list-item-31be8da elementor-repeater-item-31be8da\"><i aria-hidden=\"true\" class=\"aux-icon-list-icon fas fa-check-circle\"><\/i><span class=\"aux-icon-list-text\">Aplicable tanto para nuevas instalaciones como para rehabilitaci\u00f3n de ca\u00f1er\u00edas y tanques de almacenamiento.<\/span><\/li><li class=\"aux-icon-list-item aux-list-item-has-icon aux-icon-list-item-393f7d9 elementor-repeater-item-393f7d9\"><i aria-hidden=\"true\" class=\"aux-icon-list-icon fas fa-check-circle\"><\/i><span class=\"aux-icon-list-text\">Distribuye uniformemente una peque\u00f1a cantidad de corriente cerca de la estructura.<\/span><\/li><li class=\"aux-icon-list-item aux-list-item-has-icon aux-icon-list-item-d2ce313 elementor-repeater-item-d2ce313\"><i aria-hidden=\"true\" class=\"aux-icon-list-icon fas fa-check-circle\"><\/i><span class=\"aux-icon-list-text\">Adecuada para suelos altamente resistivos o no homog\u00e9neos.<\/span><\/li><li class=\"aux-icon-list-item aux-list-item-has-icon aux-icon-list-item-c38dd24 elementor-repeater-item-c38dd24\"><i aria-hidden=\"true\" class=\"aux-icon-list-icon fas fa-check-circle\"><\/i><span class=\"aux-icon-list-text\">Al instalarse cerca de la estructura, se minimizan las interferencias.<\/span><\/li><li class=\"aux-icon-list-item aux-list-item-has-icon aux-icon-list-item-886d9cd elementor-repeater-item-886d9cd\"><i aria-hidden=\"true\" class=\"aux-icon-list-icon fas fa-check-circle\"><\/i><span class=\"aux-icon-list-text\">Bajo costo de instalaci\u00f3n y de energ\u00eda<\/span><\/li><\/ul><\/div><\/div><\/section><!-- widget-container -->\t\t\t\t<\/div>\n\t\t\t\t<\/div>\n\t\t\t\t<div class=\"elementor-element elementor-element-528895cd elementor-widget__width-auto elementor-widget elementor-widget-aux_button\" data-id=\"528895cd\" data-element_type=\"widget\" data-e-type=\"widget\" data-widget_type=\"aux_button.default\">\n\t\t\t\t<div class=\"elementor-widget-container\">\n\t\t\t\t\t<a  href=\"\/wp-content\/uploads\/2021\/09\/STO190606_WHY_ANODEFLEX_Low-res_8JULI.pdf\" target=\"_blank\"   class=\"aux-button aux-exlarge aux-carmine-pink aux-none aux-uppercase\" ><span class=\"aux-overlay\"><\/span><span class=\"aux-text\">DESCARGAR BROCHURE DE ANODEFLEX<\/span><\/a>\t\t\t\t<\/div>\n\t\t\t\t<\/div>\n\t\t\t\t\t<\/div>\n\t\t<\/div>\n\t\t\t\t\t<\/div>\n\t\t<\/section>\n\t\t\t\t<\/div>\n\t\t","protected":false},"excerpt":{"rendered":"<p>Protecci\u00f3n cat\u00f3dica y mitigaci\u00f3n AC | Anodoflex \u00c1nodos lineales flexibles de corriente impresa para la protecci\u00f3n cat\u00f3dica de tuber\u00edas enterradas, tuber\u00edas en la planta y tanques de almacenamiento, adem\u00e1s de un electrodo de mitigaci\u00f3n de CA flexible para mitigar eficazmente la corriente alterna inducida. Caracter\u00edsticas &amp; beneficios Aplicable tanto para nuevas instalaciones como para rehabilitaci\u00f3n [&hellip;]<\/p>\n","protected":false},"author":1,"featured_media":2704,"parent":2800,"menu_order":0,"comment_status":"closed","ping_status":"closed","template":"elementor_header_footer","meta":{"footnotes":""},"class_list":["post-2823","page","type-page","status-publish","has-post-thumbnail","hentry"],"yoast_head":"<!-- This site is optimized with the Yoast SEO plugin v27.6 - https:\/\/yoast.com\/product\/yoast-seo-wordpress\/ -->\n<title>ANODEFLEX | PROTECCI\u00d3N CAT\u00d3DICA &amp; MITIGACI\u00d3N AC - HTM Am\u00e9rica | Corrosion prevention products<\/title>\n<meta name=\"robots\" content=\"index, follow, max-snippet:-1, max-image-preview:large, max-video-preview:-1\" \/>\n<link rel=\"canonical\" href=\"https:\/\/htmamerica.com\/es\/productos-proteccion-anticorrosiva\/anodeflex-cathodic-protection-ac-mitigation\/\" \/>\n<meta property=\"og:locale\" content=\"es_ES\" \/>\n<meta property=\"og:type\" content=\"article\" \/>\n<meta property=\"og:title\" content=\"ANODEFLEX | PROTECCI\u00d3N CAT\u00d3DICA &amp; MITIGACI\u00d3N AC - HTM Am\u00e9rica | Corrosion prevention products\" \/>\n<meta property=\"og:description\" content=\"Protecci\u00f3n cat\u00f3dica y mitigaci\u00f3n AC | Anodoflex \u00c1nodos lineales flexibles de corriente impresa para la protecci\u00f3n cat\u00f3dica de tuber\u00edas enterradas, tuber\u00edas en la planta y tanques de almacenamiento, adem\u00e1s de un electrodo de mitigaci\u00f3n de CA flexible para mitigar eficazmente la corriente alterna inducida. Caracter\u00edsticas &amp; beneficios Aplicable tanto para nuevas instalaciones como para rehabilitaci\u00f3n [&hellip;]\" \/>\n<meta property=\"og:url\" content=\"https:\/\/htmamerica.com\/es\/productos-proteccion-anticorrosiva\/anodeflex-cathodic-protection-ac-mitigation\/\" \/>\n<meta property=\"og:site_name\" content=\"HTM Am\u00e9rica | Corrosion prevention products\" \/>\n<meta property=\"article:modified_time\" content=\"2022-05-31T00:10:21+00:00\" \/>\n<meta property=\"og:image\" content=\"https:\/\/htmamerica.com\/wp-content\/uploads\/2021\/09\/anode-flex-anodo-continuo-polimerico.jpg\" \/>\n\t<meta property=\"og:image:width\" content=\"1024\" \/>\n\t<meta property=\"og:image:height\" content=\"803\" \/>\n\t<meta property=\"og:image:type\" content=\"image\/jpeg\" \/>\n<meta name=\"twitter:card\" content=\"summary_large_image\" \/>\n<meta name=\"twitter:label1\" content=\"Tiempo de lectura\" \/>\n\t<meta name=\"twitter:data1\" content=\"1 minuto\" \/>\n<script type=\"application\/ld+json\" class=\"yoast-schema-graph\">{\"@context\":\"https:\\\/\\\/schema.org\",\"@graph\":[{\"@type\":\"WebPage\",\"@id\":\"https:\\\/\\\/htmamerica.com\\\/es\\\/productos-proteccion-anticorrosiva\\\/anodeflex-cathodic-protection-ac-mitigation\\\/\",\"url\":\"https:\\\/\\\/htmamerica.com\\\/es\\\/productos-proteccion-anticorrosiva\\\/anodeflex-cathodic-protection-ac-mitigation\\\/\",\"name\":\"ANODEFLEX | PROTECCI\u00d3N CAT\u00d3DICA & MITIGACI\u00d3N AC - HTM Am\u00e9rica | Corrosion prevention products\",\"isPartOf\":{\"@id\":\"https:\\\/\\\/htmamerica.com\\\/#website\"},\"primaryImageOfPage\":{\"@id\":\"https:\\\/\\\/htmamerica.com\\\/es\\\/productos-proteccion-anticorrosiva\\\/anodeflex-cathodic-protection-ac-mitigation\\\/#primaryimage\"},\"image\":{\"@id\":\"https:\\\/\\\/htmamerica.com\\\/es\\\/productos-proteccion-anticorrosiva\\\/anodeflex-cathodic-protection-ac-mitigation\\\/#primaryimage\"},\"thumbnailUrl\":\"https:\\\/\\\/htmamerica.com\\\/wp-content\\\/uploads\\\/2021\\\/09\\\/anode-flex-anodo-continuo-polimerico.jpg\",\"datePublished\":\"2021-09-09T22:04:42+00:00\",\"dateModified\":\"2022-05-31T00:10:21+00:00\",\"breadcrumb\":{\"@id\":\"https:\\\/\\\/htmamerica.com\\\/es\\\/productos-proteccion-anticorrosiva\\\/anodeflex-cathodic-protection-ac-mitigation\\\/#breadcrumb\"},\"inLanguage\":\"es\",\"potentialAction\":[{\"@type\":\"ReadAction\",\"target\":[\"https:\\\/\\\/htmamerica.com\\\/es\\\/productos-proteccion-anticorrosiva\\\/anodeflex-cathodic-protection-ac-mitigation\\\/\"]}]},{\"@type\":\"ImageObject\",\"inLanguage\":\"es\",\"@id\":\"https:\\\/\\\/htmamerica.com\\\/es\\\/productos-proteccion-anticorrosiva\\\/anodeflex-cathodic-protection-ac-mitigation\\\/#primaryimage\",\"url\":\"https:\\\/\\\/htmamerica.com\\\/wp-content\\\/uploads\\\/2021\\\/09\\\/anode-flex-anodo-continuo-polimerico.jpg\",\"contentUrl\":\"https:\\\/\\\/htmamerica.com\\\/wp-content\\\/uploads\\\/2021\\\/09\\\/anode-flex-anodo-continuo-polimerico.jpg\",\"width\":1024,\"height\":803},{\"@type\":\"BreadcrumbList\",\"@id\":\"https:\\\/\\\/htmamerica.com\\\/es\\\/productos-proteccion-anticorrosiva\\\/anodeflex-cathodic-protection-ac-mitigation\\\/#breadcrumb\",\"itemListElement\":[{\"@type\":\"ListItem\",\"position\":1,\"name\":\"Home\",\"item\":\"https:\\\/\\\/htmamerica.com\\\/es\\\/\"},{\"@type\":\"ListItem\",\"position\":2,\"name\":\"Productos de protecci\u00f3n anticorrosiva\",\"item\":\"https:\\\/\\\/htmamerica.com\\\/es\\\/productos-proteccion-anticorrosiva\\\/\"},{\"@type\":\"ListItem\",\"position\":3,\"name\":\"ANODEFLEX | PROTECCI\u00d3N CAT\u00d3DICA &#038; MITIGACI\u00d3N AC\"}]},{\"@type\":\"WebSite\",\"@id\":\"https:\\\/\\\/htmamerica.com\\\/#website\",\"url\":\"https:\\\/\\\/htmamerica.com\\\/\",\"name\":\"HTM Am\u00e9rica | Corrosion prevention products\",\"description\":\"Corrosion prevention products\",\"publisher\":{\"@id\":\"https:\\\/\\\/htmamerica.com\\\/#organization\"},\"potentialAction\":[{\"@type\":\"SearchAction\",\"target\":{\"@type\":\"EntryPoint\",\"urlTemplate\":\"https:\\\/\\\/htmamerica.com\\\/?s={search_term_string}\"},\"query-input\":{\"@type\":\"PropertyValueSpecification\",\"valueRequired\":true,\"valueName\":\"search_term_string\"}}],\"inLanguage\":\"es\"},{\"@type\":\"Organization\",\"@id\":\"https:\\\/\\\/htmamerica.com\\\/#organization\",\"name\":\"HTM America\",\"url\":\"https:\\\/\\\/htmamerica.com\\\/\",\"logo\":{\"@type\":\"ImageObject\",\"inLanguage\":\"es\",\"@id\":\"https:\\\/\\\/htmamerica.com\\\/#\\\/schema\\\/logo\\\/image\\\/\",\"url\":\"https:\\\/\\\/htmamerica.com\\\/wp-content\\\/uploads\\\/2022\\\/01\\\/htm-america-logo-small.png\",\"contentUrl\":\"https:\\\/\\\/htmamerica.com\\\/wp-content\\\/uploads\\\/2022\\\/01\\\/htm-america-logo-small.png\",\"width\":300,\"height\":150,\"caption\":\"HTM America\"},\"image\":{\"@id\":\"https:\\\/\\\/htmamerica.com\\\/#\\\/schema\\\/logo\\\/image\\\/\"}}]}<\/script>\n<!-- \/ Yoast SEO plugin. -->","yoast_head_json":{"title":"ANODEFLEX | PROTECCI\u00d3N CAT\u00d3DICA & MITIGACI\u00d3N AC - HTM Am\u00e9rica | Corrosion prevention products","robots":{"index":"index","follow":"follow","max-snippet":"max-snippet:-1","max-image-preview":"max-image-preview:large","max-video-preview":"max-video-preview:-1"},"canonical":"https:\/\/htmamerica.com\/es\/productos-proteccion-anticorrosiva\/anodeflex-cathodic-protection-ac-mitigation\/","og_locale":"es_ES","og_type":"article","og_title":"ANODEFLEX | PROTECCI\u00d3N CAT\u00d3DICA & MITIGACI\u00d3N AC - HTM Am\u00e9rica | Corrosion prevention products","og_description":"Protecci\u00f3n cat\u00f3dica y mitigaci\u00f3n AC | Anodoflex \u00c1nodos lineales flexibles de corriente impresa para la protecci\u00f3n cat\u00f3dica de tuber\u00edas enterradas, tuber\u00edas en la planta y tanques de almacenamiento, adem\u00e1s de un electrodo de mitigaci\u00f3n de CA flexible para mitigar eficazmente la corriente alterna inducida. Caracter\u00edsticas &amp; beneficios Aplicable tanto para nuevas instalaciones como para rehabilitaci\u00f3n [&hellip;]","og_url":"https:\/\/htmamerica.com\/es\/productos-proteccion-anticorrosiva\/anodeflex-cathodic-protection-ac-mitigation\/","og_site_name":"HTM Am\u00e9rica | Corrosion prevention products","article_modified_time":"2022-05-31T00:10:21+00:00","og_image":[{"width":1024,"height":803,"url":"https:\/\/htmamerica.com\/wp-content\/uploads\/2021\/09\/anode-flex-anodo-continuo-polimerico.jpg","type":"image\/jpeg"}],"twitter_card":"summary_large_image","twitter_misc":{"Tiempo de lectura":"1 minuto"},"schema":{"@context":"https:\/\/schema.org","@graph":[{"@type":"WebPage","@id":"https:\/\/htmamerica.com\/es\/productos-proteccion-anticorrosiva\/anodeflex-cathodic-protection-ac-mitigation\/","url":"https:\/\/htmamerica.com\/es\/productos-proteccion-anticorrosiva\/anodeflex-cathodic-protection-ac-mitigation\/","name":"ANODEFLEX | PROTECCI\u00d3N CAT\u00d3DICA & MITIGACI\u00d3N AC - HTM Am\u00e9rica | Corrosion prevention products","isPartOf":{"@id":"https:\/\/htmamerica.com\/#website"},"primaryImageOfPage":{"@id":"https:\/\/htmamerica.com\/es\/productos-proteccion-anticorrosiva\/anodeflex-cathodic-protection-ac-mitigation\/#primaryimage"},"image":{"@id":"https:\/\/htmamerica.com\/es\/productos-proteccion-anticorrosiva\/anodeflex-cathodic-protection-ac-mitigation\/#primaryimage"},"thumbnailUrl":"https:\/\/htmamerica.com\/wp-content\/uploads\/2021\/09\/anode-flex-anodo-continuo-polimerico.jpg","datePublished":"2021-09-09T22:04:42+00:00","dateModified":"2022-05-31T00:10:21+00:00","breadcrumb":{"@id":"https:\/\/htmamerica.com\/es\/productos-proteccion-anticorrosiva\/anodeflex-cathodic-protection-ac-mitigation\/#breadcrumb"},"inLanguage":"es","potentialAction":[{"@type":"ReadAction","target":["https:\/\/htmamerica.com\/es\/productos-proteccion-anticorrosiva\/anodeflex-cathodic-protection-ac-mitigation\/"]}]},{"@type":"ImageObject","inLanguage":"es","@id":"https:\/\/htmamerica.com\/es\/productos-proteccion-anticorrosiva\/anodeflex-cathodic-protection-ac-mitigation\/#primaryimage","url":"https:\/\/htmamerica.com\/wp-content\/uploads\/2021\/09\/anode-flex-anodo-continuo-polimerico.jpg","contentUrl":"https:\/\/htmamerica.com\/wp-content\/uploads\/2021\/09\/anode-flex-anodo-continuo-polimerico.jpg","width":1024,"height":803},{"@type":"BreadcrumbList","@id":"https:\/\/htmamerica.com\/es\/productos-proteccion-anticorrosiva\/anodeflex-cathodic-protection-ac-mitigation\/#breadcrumb","itemListElement":[{"@type":"ListItem","position":1,"name":"Home","item":"https:\/\/htmamerica.com\/es\/"},{"@type":"ListItem","position":2,"name":"Productos de protecci\u00f3n anticorrosiva","item":"https:\/\/htmamerica.com\/es\/productos-proteccion-anticorrosiva\/"},{"@type":"ListItem","position":3,"name":"ANODEFLEX | PROTECCI\u00d3N CAT\u00d3DICA &#038; MITIGACI\u00d3N AC"}]},{"@type":"WebSite","@id":"https:\/\/htmamerica.com\/#website","url":"https:\/\/htmamerica.com\/","name":"HTM Am\u00e9rica | Corrosion prevention products","description":"Corrosion prevention products","publisher":{"@id":"https:\/\/htmamerica.com\/#organization"},"potentialAction":[{"@type":"SearchAction","target":{"@type":"EntryPoint","urlTemplate":"https:\/\/htmamerica.com\/?s={search_term_string}"},"query-input":{"@type":"PropertyValueSpecification","valueRequired":true,"valueName":"search_term_string"}}],"inLanguage":"es"},{"@type":"Organization","@id":"https:\/\/htmamerica.com\/#organization","name":"HTM America","url":"https:\/\/htmamerica.com\/","logo":{"@type":"ImageObject","inLanguage":"es","@id":"https:\/\/htmamerica.com\/#\/schema\/logo\/image\/","url":"https:\/\/htmamerica.com\/wp-content\/uploads\/2022\/01\/htm-america-logo-small.png","contentUrl":"https:\/\/htmamerica.com\/wp-content\/uploads\/2022\/01\/htm-america-logo-small.png","width":300,"height":150,"caption":"HTM America"},"image":{"@id":"https:\/\/htmamerica.com\/#\/schema\/logo\/image\/"}}]}},"_links":{"self":[{"href":"https:\/\/htmamerica.com\/es\/wp-json\/wp\/v2\/pages\/2823","targetHints":{"allow":["GET"]}}],"collection":[{"href":"https:\/\/htmamerica.com\/es\/wp-json\/wp\/v2\/pages"}],"about":[{"href":"https:\/\/htmamerica.com\/es\/wp-json\/wp\/v2\/types\/page"}],"author":[{"embeddable":true,"href":"https:\/\/htmamerica.com\/es\/wp-json\/wp\/v2\/users\/1"}],"replies":[{"embeddable":true,"href":"https:\/\/htmamerica.com\/es\/wp-json\/wp\/v2\/comments?post=2823"}],"version-history":[{"count":0,"href":"https:\/\/htmamerica.com\/es\/wp-json\/wp\/v2\/pages\/2823\/revisions"}],"up":[{"embeddable":true,"href":"https:\/\/htmamerica.com\/es\/wp-json\/wp\/v2\/pages\/2800"}],"wp:featuredmedia":[{"embeddable":true,"href":"https:\/\/htmamerica.com\/es\/wp-json\/wp\/v2\/media\/2704"}],"wp:attachment":[{"href":"https:\/\/htmamerica.com\/es\/wp-json\/wp\/v2\/media?parent=2823"}],"curies":[{"name":"wp","href":"https:\/\/api.w.org\/{rel}","templated":true}]}}